{"id":23198,"date":"2025-07-11T17:01:23","date_gmt":"2025-07-11T15:01:23","guid":{"rendered":"https:\/\/lasanmarco.com\/?page_id=23198"},"modified":"2025-07-11T17:05:53","modified_gmt":"2025-07-11T15:05:53","slug":"erklaerung-zur-barrierefreiheit","status":"publish","type":"page","link":"https:\/\/lasanmarco.com\/de\/erklaerung-zur-barrierefreiheit\/","title":{"rendered":"Erkl\u00e4rung zur Barrierefreiheit"},"content":{"rendered":"\t\t<div data-elementor-type=\"wp-page\" data-elementor-id=\"23198\" class=\"elementor elementor-23198 elementor-23178\" data-elementor-post-type=\"page\">\n\t\t\t\t\t\t<section data-particle_enable=\"false\" data-particle-mobile-disabled=\"false\" class=\"elementor-section elementor-top-section elementor-element elementor-element-9a0b57b elementor-section-boxed elementor-section-height-default elementor-section-height-default\" data-id=\"9a0b57b\" data-element_type=\"section\">\n\t\t\t\t\t\t<div class=\"elementor-container elementor-column-gap-default\">\n\t\t\t\t\t<div class=\"elementor-column elementor-col-100 elementor-top-column elementor-element elementor-element-1f634a0\" data-id=\"1f634a0\" data-element_type=\"column\">\n\t\t\t<div class=\"elementor-widget-wrap elementor-element-populated\">\n\t\t\t\t\t\t<section data-particle_enable=\"false\" data-particle-mobile-disabled=\"false\" class=\"elementor-section elementor-inner-section elementor-element elementor-element-2bad475 elementor-section-boxed elementor-section-height-default elementor-section-height-default\" data-id=\"2bad475\" data-element_type=\"section\" data-settings=\"{&quot;background_background&quot;:&quot;classic&quot;}\">\n\t\t\t\t\t\t<div class=\"elementor-container elementor-column-gap-default\">\n\t\t\t\t\t<div class=\"elementor-column elementor-col-50 elementor-inner-column elementor-element elementor-element-2186c42\" data-id=\"2186c42\" data-element_type=\"column\">\n\t\t\t<div class=\"elementor-widget-wrap elementor-element-populated\">\n\t\t\t\t\t\t<div class=\"elementor-element elementor-element-ce54e6c elementor-widget elementor-widget-heading\" data-id=\"ce54e6c\" data-element_type=\"widget\" data-widget_type=\"heading.default\">\n\t\t\t\t<div class=\"elementor-widget-container\">\n\t\t\t\t\t<h3 class=\"elementor-heading-title elementor-size-default\">Erkl\u00e4rung zur Barrierefreiheit<\/h3>\t\t\t\t<\/div>\n\t\t\t\t<\/div>\n\t\t\t\t\t<\/div>\n\t\t<\/div>\n\t\t\t\t<div class=\"elementor-column elementor-col-50 elementor-inner-column elementor-element elementor-element-84b4e38\" data-id=\"84b4e38\" data-element_type=\"column\" data-settings=\"{&quot;background_background&quot;:&quot;classic&quot;}\">\n\t\t\t<div class=\"elementor-widget-wrap elementor-element-populated\">\n\t\t\t\t\t\t<section data-particle_enable=\"false\" data-particle-mobile-disabled=\"false\" class=\"elementor-section elementor-inner-section elementor-element elementor-element-3e5e6ae elementor-section-boxed elementor-section-height-default elementor-section-height-default\" data-id=\"3e5e6ae\" data-element_type=\"section\" data-settings=\"{&quot;background_background&quot;:&quot;classic&quot;}\">\n\t\t\t\t\t\t<div class=\"elementor-container elementor-column-gap-default\">\n\t\t\t\t\t<div class=\"elementor-column elementor-col-100 elementor-inner-column elementor-element elementor-element-05843f7\" data-id=\"05843f7\" data-element_type=\"column\">\n\t\t\t<div class=\"elementor-widget-wrap elementor-element-populated\">\n\t\t\t\t\t\t<div class=\"elementor-element elementor-element-419c70f elementor-widget elementor-widget-text-editor\" data-id=\"419c70f\" data-element_type=\"widget\" data-widget_type=\"text-editor.default\">\n\t\t\t\t<div class=\"elementor-widget-container\">\n\t\t\t\t\t\t\t\t\t<p>La San Marco S.p.A. verpflichtet sich, ihre Website barrierefrei zug\u00e4nglich zu machen, gem\u00e4\u00df der Richtlinie (EU) 2019\/882 \u00fcber die Barrierefreiheitsanforderungen f\u00fcr Produkte und Dienstleistungen.<\/p><p><strong data-start=\"364\" data-end=\"392\">Stand der Vereinbarkeit:<\/strong><br data-start=\"392\" data-end=\"395\" \/>Die Website <a class=\"\" href=\"http:\/\/www.lasanmarco.com\" target=\"_new\" rel=\"noopener\" data-start=\"407\" data-end=\"425\">www.lasanmarco.com<\/a> ist derzeit <strong data-start=\"438\" data-end=\"461\">teilweise vereinbar<\/strong> mit den Anforderungen an die Barrierefreiheit gem\u00e4\u00df WCAG 2.1, Konformit\u00e4tsstufe AA. Einige Inhalte sind noch nicht vollst\u00e4ndig barrierefrei, aber ein Anpassungsprozess wurde eingeleitet.<\/p>\t\t\t\t\t\t\t\t<\/div>\n\t\t\t\t<\/div>\n\t\t\t\t<div class=\"elementor-element elementor-element-bc6cb26 elementor-widget elementor-widget-text-editor\" data-id=\"bc6cb26\" data-element_type=\"widget\" data-widget_type=\"text-editor.default\">\n\t\t\t\t<div class=\"elementor-widget-container\">\n\t\t\t\t\t\t\t\t\t<p data-start=\"650\" data-end=\"683\"><strong data-start=\"650\" data-end=\"681\">Nicht barrierefreie Inhalte<\/strong><\/p><ul data-start=\"684\" data-end=\"979\"><li data-start=\"684\" data-end=\"767\"><p data-start=\"686\" data-end=\"767\">Einige Bilder verf\u00fcgen m\u00f6glicherweise nicht \u00fcber alternative Texte (Alt-Texte).<\/p><\/li><li data-start=\"768\" data-end=\"845\"><p data-start=\"770\" data-end=\"845\">Der Farbkontrast ist in bestimmten Bereichen m\u00f6glicherweise unzureichend.<\/p><\/li><li data-start=\"846\" data-end=\"910\"><p data-start=\"848\" data-end=\"910\">Einige multimediale Inhalte enthalten noch keine Untertitel.<\/p><\/li><li data-start=\"911\" data-end=\"979\"><p data-start=\"913\" data-end=\"979\">Formulare sind noch nicht vollst\u00e4ndig \u00fcber die Tastatur bedienbar.<\/p><\/li><\/ul><p data-start=\"981\" data-end=\"1104\"><strong data-start=\"981\" data-end=\"998\">Ma\u00dfnahmenplan<\/strong><br data-start=\"998\" data-end=\"1001\" \/>Die Website wird schrittweise bis 2025 aktualisiert, um vollst\u00e4ndige Barrierefreiheit zu gew\u00e4hrleisten.<\/p>\t\t\t\t\t\t\t\t<\/div>\n\t\t\t\t<\/div>\n\t\t\t\t<div class=\"elementor-element elementor-element-10d9e8d elementor-widget elementor-widget-heading\" data-id=\"10d9e8d\" data-element_type=\"widget\" data-widget_type=\"heading.default\">\n\t\t\t\t<div class=\"elementor-widget-container\">\n\t\t\t\t\t<h6 class=\"elementor-heading-title elementor-size-default\">Kontakt<\/h6>\t\t\t\t<\/div>\n\t\t\t\t<\/div>\n\t\t\t\t<div class=\"elementor-element elementor-element-922498b elementor-widget elementor-widget-text-editor\" data-id=\"922498b\" data-element_type=\"widget\" data-widget_type=\"text-editor.default\">\n\t\t\t\t<div class=\"elementor-widget-container\">\n\t\t\t\t\t\t\t\t\t<p>Um Barrieren zu melden oder barrierefreie Inhalte anzufordern:<br data-start=\"1182\" data-end=\"1185\" \/>\ud83d\udce7 <a class=\"cursor-pointer\" href=\"mailto:accessibilita@lasanmarco.com\" rel=\"noopener\" data-start=\"1188\" data-end=\"1216\">accessibilita@lasanmarco.com<\/a><br data-start=\"1216\" data-end=\"1219\" \/>\u260e\ufe0f +39 0481 967111<\/p>\t\t\t\t\t\t\t\t<\/div>\n\t\t\t\t<\/div>\n\t\t\t\t<div class=\"elementor-element elementor-element-1080dd7 elementor-widget elementor-widget-text-editor\" data-id=\"1080dd7\" data-element_type=\"widget\" data-widget_type=\"text-editor.default\">\n\t\t\t\t<div class=\"elementor-widget-container\">\n\t\t\t\t\t\t\t\t\t<p>Letzte Aktualisierung: Juli 2025<\/p>\t\t\t\t\t\t\t\t<\/div>\n\t\t\t\t<\/div>\n\t\t\t\t\t<\/div>\n\t\t<\/div>\n\t\t\t\t\t<\/div>\n\t\t<\/section>\n\t\t\t\t\t<\/div>\n\t\t<\/div>\n\t\t\t\t\t<\/div>\n\t\t<\/section>\n\t\t\t\t\t<\/div>\n\t\t<\/div>\n\t\t\t\t\t<\/div>\n\t\t<\/section>\n\t\t\t\t<\/div>\n\t\t","protected":false},"excerpt":{"rendered":"<p>Erkl\u00e4rung zur Barrierefreiheit La San Marco S.p.A. verpflichtet sich, ihre Website barrierefrei zug\u00e4nglich zu machen, gem\u00e4\u00df der Richtlinie (EU) 2019\/882 \u00fcber die Barrierefreiheitsanforderungen f\u00fcr Produkte und Dienstleistungen. Stand der Vereinbarkeit:Die Website www.lasanmarco.com ist derzeit teilweise vereinbar mit den Anforderungen an die Barrierefreiheit gem\u00e4\u00df WCAG 2.1, Konformit\u00e4tsstufe AA. Einige Inhalte sind noch nicht vollst\u00e4ndig barrierefrei, aber [&hellip;]<\/p>\n","protected":false},"author":4,"featured_media":0,"parent":0,"menu_order":59,"comment_status":"closed","ping_status":"closed","template":"elementor_header_footer","meta":{"_acf_changed":false,"footnotes":""},"class_list":["post-23198","page","type-page","status-publish","hentry"],"acf":[],"yoast_head":"<!-- This site is optimized with the Yoast SEO plugin v25.6 - https:\/\/yoast.com\/wordpress\/plugins\/seo\/ -->\n<title>Erkl\u00e4rung zur Barrierefreiheit - La San Marco<\/title>\n<meta name=\"robots\" content=\"index, follow, max-snippet:-1, max-image-preview:large, max-video-preview:-1\" \/>\n<link rel=\"canonical\" href=\"https:\/\/lasanmarco.com\/de\/erklaerung-zur-barrierefreiheit\/\" \/>\n<meta property=\"og:locale\" content=\"de_DE\" \/>\n<meta property=\"og:type\" content=\"article\" \/>\n<meta property=\"og:title\" content=\"Erkl\u00e4rung zur Barrierefreiheit - La San Marco\" \/>\n<meta property=\"og:description\" content=\"Erkl\u00e4rung zur Barrierefreiheit La San Marco S.p.A. verpflichtet sich, ihre Website barrierefrei zug\u00e4nglich zu machen, gem\u00e4\u00df der Richtlinie (EU) 2019\/882 \u00fcber die Barrierefreiheitsanforderungen f\u00fcr Produkte und Dienstleistungen. Stand der Vereinbarkeit:Die Website www.lasanmarco.com ist derzeit teilweise vereinbar mit den Anforderungen an die Barrierefreiheit gem\u00e4\u00df WCAG 2.1, Konformit\u00e4tsstufe AA. Einige Inhalte sind noch nicht vollst\u00e4ndig barrierefrei, aber [&hellip;]\" \/>\n<meta property=\"og:url\" content=\"https:\/\/lasanmarco.com\/de\/erklaerung-zur-barrierefreiheit\/\" \/>\n<meta property=\"og:site_name\" content=\"La San Marco\" \/>\n<meta property=\"article:publisher\" content=\"https:\/\/www.facebook.com\/lasanmarcospa\" \/>\n<meta property=\"article:modified_time\" content=\"2025-07-11T15:05:53+00:00\" \/>\n<meta name=\"twitter:card\" content=\"summary_large_image\" \/>\n<meta name=\"twitter:label1\" content=\"Est. reading time\" \/>\n\t<meta name=\"twitter:data1\" content=\"2 minutes\" \/>\n<script type=\"application\/ld+json\" class=\"yoast-schema-graph\">{\"@context\":\"https:\/\/schema.org\",\"@graph\":[{\"@type\":\"WebPage\",\"@id\":\"https:\/\/lasanmarco.com\/de\/erklaerung-zur-barrierefreiheit\/\",\"url\":\"https:\/\/lasanmarco.com\/de\/erklaerung-zur-barrierefreiheit\/\",\"name\":\"Erkl\u00e4rung zur Barrierefreiheit - La San Marco\",\"isPartOf\":{\"@id\":\"https:\/\/lasanmarco.com\/de\/#website\"},\"datePublished\":\"2025-07-11T15:01:23+00:00\",\"dateModified\":\"2025-07-11T15:05:53+00:00\",\"inLanguage\":\"de-DE\",\"potentialAction\":[{\"@type\":\"ReadAction\",\"target\":[\"https:\/\/lasanmarco.com\/de\/erklaerung-zur-barrierefreiheit\/\"]}]},{\"@type\":\"WebSite\",\"@id\":\"https:\/\/lasanmarco.com\/de\/#website\",\"url\":\"https:\/\/lasanmarco.com\/de\/\",\"name\":\"La San Marco\",\"description\":\"Pionieri  dell\u2019espresso. Dal 1920.\",\"publisher\":{\"@id\":\"https:\/\/lasanmarco.com\/de\/#organization\"},\"potentialAction\":[{\"@type\":\"SearchAction\",\"target\":{\"@type\":\"EntryPoint\",\"urlTemplate\":\"https:\/\/lasanmarco.com\/de\/?s={search_term_string}\"},\"query-input\":{\"@type\":\"PropertyValueSpecification\",\"valueRequired\":true,\"valueName\":\"search_term_string\"}}],\"inLanguage\":\"de-DE\"},{\"@type\":\"Organization\",\"@id\":\"https:\/\/lasanmarco.com\/de\/#organization\",\"name\":\"La San Marco\",\"url\":\"https:\/\/lasanmarco.com\/de\/\",\"logo\":{\"@type\":\"ImageObject\",\"inLanguage\":\"de-DE\",\"@id\":\"https:\/\/lasanmarco.com\/de\/#\/schema\/logo\/image\/\",\"url\":\"https:\/\/lasanmarco.com\/site\/wp-content\/uploads\/2024\/10\/cropped-logotipo_LaSanMarco.webp\",\"contentUrl\":\"https:\/\/lasanmarco.com\/site\/wp-content\/uploads\/2024\/10\/cropped-logotipo_LaSanMarco.webp\",\"width\":4500,\"height\":1291,\"caption\":\"La San Marco\"},\"image\":{\"@id\":\"https:\/\/lasanmarco.com\/de\/#\/schema\/logo\/image\/\"},\"sameAs\":[\"https:\/\/www.facebook.com\/lasanmarcospa\"]}]}<\/script>\n<!-- \/ Yoast SEO plugin. -->","yoast_head_json":{"title":"Erkl\u00e4rung zur Barrierefreiheit - La San Marco","robots":{"index":"index","follow":"follow","max-snippet":"max-snippet:-1","max-image-preview":"max-image-preview:large","max-video-preview":"max-video-preview:-1"},"canonical":"https:\/\/lasanmarco.com\/de\/erklaerung-zur-barrierefreiheit\/","og_locale":"de_DE","og_type":"article","og_title":"Erkl\u00e4rung zur Barrierefreiheit - La San Marco","og_description":"Erkl\u00e4rung zur Barrierefreiheit La San Marco S.p.A. verpflichtet sich, ihre Website barrierefrei zug\u00e4nglich zu machen, gem\u00e4\u00df der Richtlinie (EU) 2019\/882 \u00fcber die Barrierefreiheitsanforderungen f\u00fcr Produkte und Dienstleistungen. Stand der Vereinbarkeit:Die Website www.lasanmarco.com ist derzeit teilweise vereinbar mit den Anforderungen an die Barrierefreiheit gem\u00e4\u00df WCAG 2.1, Konformit\u00e4tsstufe AA. Einige Inhalte sind noch nicht vollst\u00e4ndig barrierefrei, aber [&hellip;]","og_url":"https:\/\/lasanmarco.com\/de\/erklaerung-zur-barrierefreiheit\/","og_site_name":"La San Marco","article_publisher":"https:\/\/www.facebook.com\/lasanmarcospa","article_modified_time":"2025-07-11T15:05:53+00:00","twitter_card":"summary_large_image","twitter_misc":{"Est. reading time":"2 minutes"},"schema":{"@context":"https:\/\/schema.org","@graph":[{"@type":"WebPage","@id":"https:\/\/lasanmarco.com\/de\/erklaerung-zur-barrierefreiheit\/","url":"https:\/\/lasanmarco.com\/de\/erklaerung-zur-barrierefreiheit\/","name":"Erkl\u00e4rung zur Barrierefreiheit - La San Marco","isPartOf":{"@id":"https:\/\/lasanmarco.com\/de\/#website"},"datePublished":"2025-07-11T15:01:23+00:00","dateModified":"2025-07-11T15:05:53+00:00","inLanguage":"de-DE","potentialAction":[{"@type":"ReadAction","target":["https:\/\/lasanmarco.com\/de\/erklaerung-zur-barrierefreiheit\/"]}]},{"@type":"WebSite","@id":"https:\/\/lasanmarco.com\/de\/#website","url":"https:\/\/lasanmarco.com\/de\/","name":"La San Marco","description":"Pionieri  dell\u2019espresso. Dal 1920.","publisher":{"@id":"https:\/\/lasanmarco.com\/de\/#organization"},"potentialAction":[{"@type":"SearchAction","target":{"@type":"EntryPoint","urlTemplate":"https:\/\/lasanmarco.com\/de\/?s={search_term_string}"},"query-input":{"@type":"PropertyValueSpecification","valueRequired":true,"valueName":"search_term_string"}}],"inLanguage":"de-DE"},{"@type":"Organization","@id":"https:\/\/lasanmarco.com\/de\/#organization","name":"La San Marco","url":"https:\/\/lasanmarco.com\/de\/","logo":{"@type":"ImageObject","inLanguage":"de-DE","@id":"https:\/\/lasanmarco.com\/de\/#\/schema\/logo\/image\/","url":"https:\/\/lasanmarco.com\/site\/wp-content\/uploads\/2024\/10\/cropped-logotipo_LaSanMarco.webp","contentUrl":"https:\/\/lasanmarco.com\/site\/wp-content\/uploads\/2024\/10\/cropped-logotipo_LaSanMarco.webp","width":4500,"height":1291,"caption":"La San Marco"},"image":{"@id":"https:\/\/lasanmarco.com\/de\/#\/schema\/logo\/image\/"},"sameAs":["https:\/\/www.facebook.com\/lasanmarcospa"]}]}},"_links":{"self":[{"href":"https:\/\/lasanmarco.com\/de\/wp-json\/wp\/v2\/pages\/23198"}],"collection":[{"href":"https:\/\/lasanmarco.com\/de\/wp-json\/wp\/v2\/pages"}],"about":[{"href":"https:\/\/lasanmarco.com\/de\/wp-json\/wp\/v2\/types\/page"}],"author":[{"embeddable":true,"href":"https:\/\/lasanmarco.com\/de\/wp-json\/wp\/v2\/users\/4"}],"replies":[{"embeddable":true,"href":"https:\/\/lasanmarco.com\/de\/wp-json\/wp\/v2\/comments?post=23198"}],"version-history":[{"count":7,"href":"https:\/\/lasanmarco.com\/de\/wp-json\/wp\/v2\/pages\/23198\/revisions"}],"predecessor-version":[{"id":23206,"href":"https:\/\/lasanmarco.com\/de\/wp-json\/wp\/v2\/pages\/23198\/revisions\/23206"}],"wp:attachment":[{"href":"https:\/\/lasanmarco.com\/de\/wp-json\/wp\/v2\/media?parent=23198"}],"curies":[{"name":"wp","href":"https:\/\/api.w.org\/{rel}","templated":true}]}}